{"id":1725,"date":"2025-07-18T10:11:40","date_gmt":"2025-07-18T10:11:40","guid":{"rendered":"https:\/\/www.carpenterianavalecnl.it\/?page_id=1725"},"modified":"2025-07-18T10:22:36","modified_gmt":"2025-07-18T10:22:36","slug":"privacy-policy","status":"publish","type":"page","link":"https:\/\/www.carpenterianavalecnl.it\/en\/privacy-policy\/","title":{"rendered":"Privacy Policy"},"content":{"rendered":"<h4 class=\"wp-block-heading\"><strong>In questa pagina si descrivono le modalit\u00e0 e le logiche del trattamento dei dati personali degli utenti (di seguito, anche gli Utenti) che consultano il sito: carpenterianavalecnl.it.it (di seguito, anche il Sito).<\/strong><\/h4>\n\n\n\n<p>L\u2019informativa \u00e8 resa ai sensi dell\u2019art. 13 del D. Lgs. n. 196\/2003 \u2013 Codice in materia di protezione dei dati personali a tutti gli Utenti che, interagendo con il Sito, forniscono all\u2019Azienda i propri dati personali.<br>La validit\u00e0 dell\u2019informativa contenuta nella presente pagina \u00e8 limitata al solo Sito e non si estende ad altri siti web eventualmente consultabili mediante collegamento ipertestuale.<\/p>\n\n\n\n<h3 class=\"wp-block-heading\">Il titolare del trattamento<\/h3>\n\n\n\n<p><strong>Il Titolare del trattamento per i dati raccolti attraverso il Sito \u00e8:<\/strong><br>Carpenteria navale e Lavorazioni di Berti Irene<br>Sede legale: Via Solterino 8 &#8211; 57122 Livorno ITALIA<br>C.F. BRTRNI92M48E625S<br>P.Iva 02028220495<\/p>\n\n\n\n<h3 class=\"wp-block-heading\">Incaricati, responsabili e sedi del trattamento dei dati<\/h3>\n\n\n\n<p>I dati saranno trattati da personale del Titolare, previa nomina dei dipendenti e dei collaboratori interessati ad Incaricati del trattamento. Eventuali soggetti terzi ai quali i dati potrebbero essere comunicati per l\u2019esecuzione di operazioni di trattamento connesse con le finalit\u00e0 specificate nella presente informativa, saranno preventivamente designati dal Titolare quali Responsabili del trattamento ai sensi dell\u2019art. 29 del Codice in materia di protezione dei dati personali. I dati non formeranno oggetto di diffusione. Tutti i dati raccolti saranno trattati presso la sede del Titolare.<\/p>\n\n\n\n<h3 class=\"wp-block-heading\">Tipologia di dati raccolti<\/h3>\n\n\n\n<p><strong>Dati di navigazione<\/strong><\/p>\n\n\n\n<p>I sistemi informatici e le procedure software preposte al funzionamento di questo sito web acquisiscono, nel corso del loro normale esercizio, alcuni dati personali la cui trasmissione \u00e8 implicita nell\u2019uso dei protocolli di comunicazione di Internet.<br>Si tratta di informazioni che non sono raccolte per essere associate a interessati identificati, ma che per loro stessa natura potrebbero, attraverso elaborazioni ed associazioni con dati detenuti da terzi, permettere di identificare gli utenti.<\/p>\n\n\n\n<p>In questa categoria di dati rientrano gli indirizzi IP o i nomi a dominio dei computer utilizzati dagli utenti che si connettono al sito, gli indirizzi in notazione URI (Uniform Resource Identifier) delle risorse richieste, l\u2019orario della richiesta, il metodo utilizzato nel sottoporre la richiesta al server, la dimensione del file ottenuto in risposta, il codice numerico indicante lo stato della risposta data dal server (buon fine, errore, ecc.) ed altri parametri relativi al sistema operativo e all\u2019ambiente informatico dell\u2019utente.<\/p>\n\n\n\n<p>Questi dati vengono utilizzati al solo fine di ricavare informazioni statistiche anonime sull\u2019uso del sito e per controllarne il corretto funzionamento e vengono cancellati immediatamente dopo l\u2019elaborazione. I dati potrebbero essere utilizzati per l\u2019accertamento di responsabilit\u00e0 in caso di ipotetici reati informatici ai danni del sito: salva questa eventualit\u00e0, allo stato i dati sui contatti web non persistono per pi\u00f9 di sette giorni.<\/p>\n\n\n\n<p><strong>Dati forniti volontariamente dall\u2019utente<\/strong><\/p>\n\n\n\n<p>L\u2019invio facoltativo, esplicito e volontario di posta elettronica agli indirizzi indicati su questo sito, in modo diretto, tramite moduli di contatto, o l\u2019iscrizione alla newsletter, comporta la successiva acquisizione dell\u2019indirizzo email del mittente, necessario per rispondere alle richieste o per fornire i servizi richiesti, nonch\u00e9 degli eventuali altri dati personali inseriti nella comunicazione.<\/p>\n\n\n\n<h3 class=\"wp-block-heading\">Cookies<\/h3>\n\n\n\n<p>I cookies sono piccoli file di testo che i siti visitati inviano al terminale dell\u2019Utente, dove vengono memorizzati, per poi essere ritrasmessi agli stessi siti alla visita successiva.<\/p>\n\n\n\n<p>Il Sito utilizza cookies tecnici per salvare le preferenze di navigazione e migliorare l\u2019esperienza d\u2019uso del sito. Possono rientrare in questa categoria i cookies che gestiscono eventuali autenticazioni o impostazioni dell\u2019utente.<\/p>\n\n\n\n<p>Il Sito utilizza inoltre cookies di terze parti, tecnici, di analytics o di profilazione, con le seguenti finalit\u00e0:<\/p>\n\n\n\n<ul class=\"wp-block-list\">\n<li>Statistica e analisi: per permettere al Titolare di monitorare e analizzare i dati di traffico sul Sito e analizzare i comportamenti dell\u2019Utente, al fine di migliorare il servizio svolto. Tali dati sono raccolti rendendo anonimo l\u2019indirizzo IP dell\u2019Utente, utilizzati direttamente dal Titolare senza l\u2019intervento di soggetti terzi, assimilabili pertanto ai cookie tecnici di prima parte.<\/li>\n\n\n\n<li>Integrazione di contenuti esterni: per visualizzare e interagire con eventuali contenuti ospitati su siti terzi e integrati nel sito (video, immagini, mappe, ecc.).<\/li>\n<\/ul>\n\n\n\n<p><strong>Riferimenti alle privacy policy di terze parti<\/strong><\/p>\n\n\n\n<ul class=\"wp-block-list\">\n<li>Google Analytics \u2013 Luogo del trattamento: USA \u2013 <a href=\"http:\/\/www.google.com\/intl\/it\/policies\/privacy\/\">Privacy policy<\/a><\/li>\n\n\n\n<li>Google Maps \u2013 Luogo del trattamento: USA \u2013 <a href=\"http:\/\/www.google.it\/intl\/it\/policies\/privacy\/\">Privacy policy<\/a><\/li>\n<\/ul>\n\n\n\n<p><strong>Abilitare o disabilitare i cookies<\/strong><\/p>\n\n\n\n<p>L\u2019Utente pu\u00f2 scegliere di abilitare o disabilitare i cookies intervenendo sulle impostazioni del proprio browser di navigazione secondo le istruzioni rese disponibili dai relativi fornitori. La disabilitazione dei cookies di sessione pu\u00f2 comportare l\u2019impossibilit\u00e0 per l\u2019Utente di fruire correttamente di tutte le funzionalit\u00e0 del Sito.<\/p>\n\n\n\n<h3 class=\"wp-block-heading\">Facoltativit\u00e0 del conferimento dei dati<\/h3>\n\n\n\n<p>A parte quanto specificato per i dati di navigazione, il conferimento dei dati attraverso i form e gli indirizzi email presenti sul Sito ovvero le comunicazioni trasmesse su base volontaria dallo stesso Utente, ha sempre natura facoltativa; tuttavia, in caso di mancato conferimento dei dati contrassegnati come obbligatori all\u2019interno dei moduli di contatto, non sar\u00e0 possibile fornire all\u2019Utente il servizio di volta in volta richiesto.<\/p>\n\n\n\n<h3 class=\"wp-block-heading\">Modalit\u00e0 del trattamento<\/h3>\n\n\n\n<p>I dati personali sono trattati con strumenti automatizzati per il tempo strettamente necessario a conseguire gli scopi per cui sono stati raccolti secondo quanto previsto dall\u2019art. 11, lett. e) del Codice privacy. Il Titolare adotta tutte le misure di sicurezza previste dal Codice privacy per proteggere i dati raccolti, al fine di scongiurare i rischi di perdita o furto dei dati, accessi non autorizzati, usi illeciti e non corretti.<\/p>\n\n\n\n<h3 class=\"wp-block-heading\">Diritti degli interessati<\/h3>\n\n\n\n<p>Gli Utenti possono esercitare in qualsiasi momento i diritti previsti dall\u2019art. 7 del Codice privacy, al fine di ottenere la conferma dell\u2019esistenza o meno dei loro dati personali e di conoscerne il contenuto e l\u2019origine, verificarne l\u2019esattezza o chiederne l\u2019integrazione o l\u2019aggiornamento, oppure la rettificazione. Ai sensi della medesima disposizione l\u2019Utente potr\u00e0 inoltre chiedere la cancellazione, la trasformazione in forma anonima o il blocco dei dati trattati in violazione di legge, nonch\u00e9 opporsi in ogni caso, per motivi legittimi, al loro trattamento. Le richieste vanno rivolte al Titolare.<\/p>\n\n\n\n<h3 class=\"wp-block-heading\">Aggiornamenti<\/h3>\n\n\n\n<p>La privacy policy di questo Sito pu\u00f2 essere soggetta ad aggiornamenti. Gli Utenti sono pertanto invitati a verificarne periodicamente il contenuto.<\/p>","protected":false},"excerpt":{"rendered":"<p>In questa pagina si descrivono le modalit\u00e0 e le logiche del trattamento dei dati personali degli utenti (di seguito, anche gli Utenti) che consultano il sito: carpenterianavalecnl.it.it (di seguito, anche il Sito). L\u2019informativa \u00e8 resa ai sensi dell\u2019art. 13 del D. Lgs. n. 196\/2003 \u2013 Codice in materia di protezione dei dati personali a tutti [&hellip;]<\/p>","protected":false},"author":1,"featured_media":0,"parent":0,"menu_order":0,"comment_status":"closed","ping_status":"closed","template":"","meta":{"footnotes":""},"class_list":["post-1725","page","type-page","status-publish","hentry"],"_links":{"self":[{"href":"https:\/\/www.carpenterianavalecnl.it\/en\/wp-json\/wp\/v2\/pages\/1725","targetHints":{"allow":["GET"]}}],"collection":[{"href":"https:\/\/www.carpenterianavalecnl.it\/en\/wp-json\/wp\/v2\/pages"}],"about":[{"href":"https:\/\/www.carpenterianavalecnl.it\/en\/wp-json\/wp\/v2\/types\/page"}],"author":[{"embeddable":true,"href":"https:\/\/www.carpenterianavalecnl.it\/en\/wp-json\/wp\/v2\/users\/1"}],"replies":[{"embeddable":true,"href":"https:\/\/www.carpenterianavalecnl.it\/en\/wp-json\/wp\/v2\/comments?post=1725"}],"version-history":[{"count":4,"href":"https:\/\/www.carpenterianavalecnl.it\/en\/wp-json\/wp\/v2\/pages\/1725\/revisions"}],"predecessor-version":[{"id":1730,"href":"https:\/\/www.carpenterianavalecnl.it\/en\/wp-json\/wp\/v2\/pages\/1725\/revisions\/1730"}],"wp:attachment":[{"href":"https:\/\/www.carpenterianavalecnl.it\/en\/wp-json\/wp\/v2\/media?parent=1725"}],"curies":[{"name":"wp","href":"https:\/\/api.w.org\/{rel}","templated":true}]}}