{"id":1408,"date":"2025-07-16T14:49:21","date_gmt":"2025-07-16T14:49:21","guid":{"rendered":"https:\/\/www.carpenterianavalecnl.it\/?page_id=1408"},"modified":"2025-07-16T15:58:49","modified_gmt":"2025-07-16T15:58:49","slug":"taglio-laser","status":"publish","type":"page","link":"https:\/\/www.carpenterianavalecnl.it\/en\/taglio-laser\/","title":{"rendered":"Taglio Laser"},"content":{"rendered":"<div data-colibri-id=\"1408-c1\" class=\"style-444 style-local-1408-c1 position-relative\">\n  <!---->\n  <div data-colibri-component=\"section\" data-colibri-id=\"1408-c2\" id=\"about\" class=\"h-section h-section-global-spacing d-flex align-items-lg-center align-items-md-center align-items-center style-445 style-local-1408-c2 position-relative\">\n    <!---->\n    <!---->\n    <div class=\"h-section-grid-container h-section-boxed-container\">\n      <div data-colibri-id=\"1408-c7\" class=\"h-row-container gutters-row-lg-2 gutters-row-md-2 gutters-row-2 gutters-row-v-lg-2 gutters-row-v-md-2 gutters-row-v-2 style-450 style-local-1408-c7 position-relative\">\n        <!---->\n        <div class=\"h-row justify-content-lg-center justify-content-md-center justify-content-center align-items-lg-stretch align-items-md-stretch align-items-stretch gutters-col-lg-2 gutters-col-md-2 gutters-col-2 gutters-col-v-lg-2 gutters-col-v-md-2 gutters-col-v-2\">\n          <!---->\n          <div class=\"h-column h-column-container d-flex h-col-lg-auto h-col-md-auto h-col-auto style-451-outer style-local-1408-c8-outer\">\n            <div data-colibri-id=\"1408-c8\" class=\"d-flex h-flex-basis h-column__inner h-px-lg-2 h-px-md-2 h-px-2 v-inner-lg-2 v-inner-md-2 v-inner-2 style-451 style-local-1408-c8 position-relative\">\n              <!---->\n              <!---->\n              <div class=\"w-100 h-y-container h-column__content h-column__v-align flex-basis-100 align-self-lg-start align-self-md-start align-self-start\">\n                <!---->\n                <div data-colibri-id=\"1408-c9\" class=\"h-global-transition-all h-heading style-453 style-local-1408-c9 position-relative h-element\">\n                  <!---->\n                  <div class=\"h-heading__outer style-453 style-local-1408-c9\">\n                    <!---->\n                    <!---->\n                    <h2 class=\"\">Taglio&nbsp;<em style=\"font-family: Playfair Display; color: rgb(3, 169, 244);\">laser<\/em>&nbsp;su&nbsp;<em style=\"font-family: Playfair Display; color: rgb(3, 169, 244);\">misura<\/em><\/h2>\n                  <\/div>\n                <\/div>\n                <div data-colibri-id=\"1408-c10\" class=\"h-lead h-text h-text-component style-454 style-local-1408-c10 position-relative h-element\">\n                  <!---->\n                  <!---->\n                  <div class=\"\">\n                    <p>Il nostro servizio di taglio laser \u00e8 pensato per garantire la massima precisione, rapidit\u00e0 e flessibilit\u00e0 nella lavorazione di metalli. Tagli netti e precisi su acciaio, inox, alluminio e altri materiali, anche in spessori elevati.<\/p>\n                    <p>Che si tratti di un singolo pezzo su misura o di una produzione in serie, il taglio laser consente di realizzare forme complesse, fori, incisioni e dettagli con tolleranze minime.\n                      <br>\u00c8 la soluzione ideale per carpenteria leggera e pesante, arredo, componenti industriali\n                      <br>e progetti personalizzati.<\/p>\n                  <\/div>\n                <\/div>\n              <\/div>\n            <\/div>\n          <\/div>\n        <\/div>\n      <\/div>\n      <div data-colibri-id=\"1408-c3\" class=\"h-row-container gutters-row-lg-0 gutters-row-md-0 gutters-row-0 gutters-row-v-lg-0 gutters-row-v-md-0 gutters-row-v-0 style-446 style-local-1408-c3 h-overflow-hidden position-relative\">\n        <!---->\n        <div class=\"h-row justify-content-lg-center justify-content-md-center justify-content-center align-items-lg-end align-items-md-end align-items-end gutters-col-lg-0 gutters-col-md-0 gutters-col-0 gutters-col-v-lg-0 gutters-col-v-md-0 gutters-col-v-0\">\n          <!---->\n          <div class=\"h-column h-column-container d-flex h-col-lg-auto h-col-md-auto h-col-auto align-self-lg-end align-self-md-end align-self-end style-447-outer style-local-1408-c4-outer\">\n            <div data-colibri-id=\"1408-c4\" class=\"d-flex h-flex-basis h-column__inner h-ui-empty-state-container h-px-lg-0 h-px-md-0 h-px-0 v-inner-lg-0 v-inner-md-0 v-inner-0 style-447 style-local-1408-c4 position-relative\">\n              <!---->\n              <!---->\n              <div class=\"w-100 h-y-container h-column__content h-column__v-align flex-basis-100\">\n                <!---->\n              <\/div>\n            <\/div>\n          <\/div>\n          <div class=\"h-column h-column-container d-flex h-col-lg-auto h-col-md-auto h-col-auto align-self-lg-end align-self-md-end align-self-end style-448-outer style-local-1408-c5-outer\">\n            <div data-colibri-id=\"1408-c5\" class=\"d-flex h-flex-basis h-column__inner h-ui-empty-state-container h-px-lg-0 h-px-md-0 h-px-0 v-inner-lg-0 v-inner-md-0 v-inner-0 style-448 style-local-1408-c5 position-relative\">\n              <!---->\n              <!---->\n              <div class=\"w-100 h-y-container h-column__content h-column__v-align flex-basis-100\">\n                <!---->\n              <\/div>\n            <\/div>\n          <\/div>\n          <div class=\"h-column h-column-container d-flex h-col-lg-auto h-col-md-auto h-col-auto align-self-lg-end align-self-md-end align-self-end style-449-outer style-local-1408-c6-outer\">\n            <div data-colibri-id=\"1408-c6\" class=\"d-flex h-flex-basis h-column__inner h-ui-empty-state-container h-px-lg-0 h-px-md-0 h-px-0 v-inner-lg-0 v-inner-md-0 v-inner-0 style-449 style-local-1408-c6 position-relative\">\n              <!---->\n              <!---->\n              <div class=\"w-100 h-y-container h-column__content h-column__v-align flex-basis-100\">\n                <!---->\n              <\/div>\n            <\/div>\n          <\/div>\n        <\/div>\n      <\/div>\n    <\/div>\n  <\/div>\n<\/div>","protected":false},"excerpt":{"rendered":"<p>Taglio&nbsp;laser&nbsp;su&nbsp;misura Il nostro servizio di taglio laser \u00e8 pensato per garantire la massima precisione, rapidit\u00e0 e flessibilit\u00e0 nella lavorazione di metalli. Tagli netti e precisi su acciaio, inox, alluminio e altri materiali, anche in spessori elevati. Che si tratti di un singolo pezzo su misura o di una produzione in serie, il taglio laser consente [&hellip;]<\/p>","protected":false},"author":1,"featured_media":0,"parent":0,"menu_order":0,"comment_status":"closed","ping_status":"closed","template":"page-templates\/full-width-page.php","meta":{"footnotes":""},"class_list":["post-1408","page","type-page","status-publish","hentry"],"_links":{"self":[{"href":"https:\/\/www.carpenterianavalecnl.it\/en\/wp-json\/wp\/v2\/pages\/1408","targetHints":{"allow":["GET"]}}],"collection":[{"href":"https:\/\/www.carpenterianavalecnl.it\/en\/wp-json\/wp\/v2\/pages"}],"about":[{"href":"https:\/\/www.carpenterianavalecnl.it\/en\/wp-json\/wp\/v2\/types\/page"}],"author":[{"embeddable":true,"href":"https:\/\/www.carpenterianavalecnl.it\/en\/wp-json\/wp\/v2\/users\/1"}],"replies":[{"embeddable":true,"href":"https:\/\/www.carpenterianavalecnl.it\/en\/wp-json\/wp\/v2\/comments?post=1408"}],"version-history":[{"count":3,"href":"https:\/\/www.carpenterianavalecnl.it\/en\/wp-json\/wp\/v2\/pages\/1408\/revisions"}],"predecessor-version":[{"id":1482,"href":"https:\/\/www.carpenterianavalecnl.it\/en\/wp-json\/wp\/v2\/pages\/1408\/revisions\/1482"}],"wp:attachment":[{"href":"https:\/\/www.carpenterianavalecnl.it\/en\/wp-json\/wp\/v2\/media?parent=1408"}],"curies":[{"name":"wp","href":"https:\/\/api.w.org\/{rel}","templated":true}]}}